{"id":58,"date":"2025-10-08T06:06:50","date_gmt":"2025-10-08T05:06:50","guid":{"rendered":"https:\/\/dsn.africastaging.com\/?page_id=58"},"modified":"2026-02-18T08:32:51","modified_gmt":"2026-02-18T08:32:51","slug":"schulgelande","status":"publish","type":"page","link":"https:\/\/dsnairobi.de\/en\/einrichtungen\/schulgelande\/","title":{"rendered":"Campus"},"content":{"rendered":"<h2><strong>A green oasis in the heart of Nairobi<\/strong><\/h2>\n<p>The German School Nairobi is located in Gigiri, right across from the Village Market, one of the city\u2019s best-known malls. Beneath the shade of old jacaranda trees and surrounded by tropical plants, our spacious campus offers plenty of room to learn, play, and grow.<\/p>\n<p>Our campus is a safe and welcoming space where children can move freely, make friends, and experience community. In addition to modern classrooms and specialist facilities, the school features a large sports field with spectator stands, a beach volleyball court, basketball and tennis courts, and a swimming pool. Five different playgrounds \u2013 with in-ground trampolines, climbing frames, swings, and even a rabbit enclosure \u2013 invite children to explore and have fun.<\/p>\n<p>Sustainability plays a major role at DSN: over 90 percent of our electricity comes from our own solar power system.<br \/>\nFamilies and members of the school association are also welcome to use the facilities outside school hours \u2013 for playing, training, or simply relaxing under the trees.<\/p>\n<p>This is a place where learning and living go hand in hand.<\/p>","protected":false},"excerpt":{"rendered":"<p>Ein gr\u00fcnes Paradies mitten in Nairobi Die Deutsche Schule Nairobi liegt im Stadtteil Gigiri, direkt gegen\u00fcber dem Village Market, einem der bekanntesten Einkaufszentren der Stadt. Unter alten Akazien und Jacaranda-B\u00e4umen und zwischen tropischen Pflanzen bietet unser weitl\u00e4ufiges Gel\u00e4nde Raum zum Lernen, Entspannen und Spielen. Unser Campus ist ein sicherer Ort, an dem sich Kinder frei [&hellip;]<\/p>\n","protected":false},"author":1,"featured_media":712,"parent":60,"menu_order":0,"comment_status":"closed","ping_status":"closed","template":"","meta":{"_acf_changed":false,"footnotes":""},"class_list":["post-58","page","type-page","status-publish","has-post-thumbnail","hentry"],"acf":[],"_links":{"self":[{"href":"https:\/\/dsnairobi.de\/en\/wp-json\/wp\/v2\/pages\/58","targetHints":{"allow":["GET"]}}],"collection":[{"href":"https:\/\/dsnairobi.de\/en\/wp-json\/wp\/v2\/pages"}],"about":[{"href":"https:\/\/dsnairobi.de\/en\/wp-json\/wp\/v2\/types\/page"}],"author":[{"embeddable":true,"href":"https:\/\/dsnairobi.de\/en\/wp-json\/wp\/v2\/users\/1"}],"replies":[{"embeddable":true,"href":"https:\/\/dsnairobi.de\/en\/wp-json\/wp\/v2\/comments?post=58"}],"version-history":[{"count":9,"href":"https:\/\/dsnairobi.de\/en\/wp-json\/wp\/v2\/pages\/58\/revisions"}],"predecessor-version":[{"id":559,"href":"https:\/\/dsnairobi.de\/en\/wp-json\/wp\/v2\/pages\/58\/revisions\/559"}],"up":[{"embeddable":true,"href":"https:\/\/dsnairobi.de\/en\/wp-json\/wp\/v2\/pages\/60"}],"wp:featuredmedia":[{"embeddable":true,"href":"https:\/\/dsnairobi.de\/en\/wp-json\/wp\/v2\/media\/712"}],"wp:attachment":[{"href":"https:\/\/dsnairobi.de\/en\/wp-json\/wp\/v2\/media?parent=58"}],"curies":[{"name":"wp","href":"https:\/\/api.w.org\/{rel}","templated":true}]}}