{"id":64,"date":"2025-10-08T06:08:14","date_gmt":"2025-10-08T05:08:14","guid":{"rendered":"https:\/\/dsn.africastaging.com\/?page_id=64"},"modified":"2026-02-18T08:52:07","modified_gmt":"2026-02-18T08:52:07","slug":"bibliothek","status":"publish","type":"page","link":"https:\/\/dsnairobi.de\/en\/einrichtungen\/bibliothek\/","title":{"rendered":"Library"},"content":{"rendered":"<h2>A Place to Discover<\/h2>\n<p>Our school library is much more than a room full of books \u2013 it\u2019s a meeting place for young and old readers alike, a cozy retreat for book lovers, and for those who are just discovering the joy of reading.<\/p>\n<p>With its wide selection, the library welcomes all age groups: from curious kindergarten children and primary pupils to secondary school students. Whether it\u2019s thrilling adventure stories, funny picture books, fascinating non-fiction, or novels to dream away with -  everyone can find the right book here.<\/p>\n<p>Comfortable reading corners invite you to linger, and regular activities such as storytelling sessions or book presentations make every visit a special experience.<br \/>\nParents and staff are also warmly invited to browse, learn, and discover new favorite books. We aim to inspire a love of reading and encourage everyone to dive into the rich world of books, no matter their age or experience. Reading opens doors, sparks imagination, and connects generations making our library not only a place for learning but also a place of inspiration, connection, and community.<\/p>","protected":false},"excerpt":{"rendered":"<p>Ein Ort zum Entdecken Unsere Schulbibliothek ist weit mehr als ein Raum voller B\u00fccher, sie ist ein lebendiger Treffpunkt f\u00fcr gro\u00dfe und kleine Leseratten, ein gem\u00fctlicher R\u00fcckzugsort f\u00fcr alle B\u00fccherw\u00fcrmer und f\u00fcr die, die es noch werden wollen. Mit ihrem vielf\u00e4ltigen Angebot richtet sie sich an alle Altersgruppen: vom neugierigen Kindergartenkind \u00fcber Grundsch\u00fclerinnen bis hin [&hellip;]<\/p>\n","protected":false},"author":1,"featured_media":713,"parent":60,"menu_order":0,"comment_status":"closed","ping_status":"closed","template":"","meta":{"_acf_changed":false,"footnotes":""},"class_list":["post-64","page","type-page","status-publish","has-post-thumbnail","hentry"],"acf":[],"_links":{"self":[{"href":"https:\/\/dsnairobi.de\/en\/wp-json\/wp\/v2\/pages\/64","targetHints":{"allow":["GET"]}}],"collection":[{"href":"https:\/\/dsnairobi.de\/en\/wp-json\/wp\/v2\/pages"}],"about":[{"href":"https:\/\/dsnairobi.de\/en\/wp-json\/wp\/v2\/types\/page"}],"author":[{"embeddable":true,"href":"https:\/\/dsnairobi.de\/en\/wp-json\/wp\/v2\/users\/1"}],"replies":[{"embeddable":true,"href":"https:\/\/dsnairobi.de\/en\/wp-json\/wp\/v2\/comments?post=64"}],"version-history":[{"count":4,"href":"https:\/\/dsnairobi.de\/en\/wp-json\/wp\/v2\/pages\/64\/revisions"}],"predecessor-version":[{"id":293,"href":"https:\/\/dsnairobi.de\/en\/wp-json\/wp\/v2\/pages\/64\/revisions\/293"}],"up":[{"embeddable":true,"href":"https:\/\/dsnairobi.de\/en\/wp-json\/wp\/v2\/pages\/60"}],"wp:featuredmedia":[{"embeddable":true,"href":"https:\/\/dsnairobi.de\/en\/wp-json\/wp\/v2\/media\/713"}],"wp:attachment":[{"href":"https:\/\/dsnairobi.de\/en\/wp-json\/wp\/v2\/media?parent=64"}],"curies":[{"name":"wp","href":"https:\/\/api.w.org\/{rel}","templated":true}]}}